{"id":783,"date":"2020-01-20T13:09:22","date_gmt":"2020-01-20T13:09:22","guid":{"rendered":"https:\/\/cemineu.com\/mentions-legales\/"},"modified":"2025-02-05T10:51:02","modified_gmt":"2025-02-05T10:51:02","slug":"mentions-legales","status":"publish","type":"page","link":"https:\/\/cemineu.com\/en\/mentions-legales\/","title":{"rendered":"Legal mentions"},"content":{"rendered":"\r\n<h3 class=\"wp-block-heading\">Cemineu.com<\/h3>\r\n\r\n\r\n\r\n<p>Statut du propri\u00e9taire : Soci\u00e9t\u00e9<br \/>Pr\u00e9fixe : SAS<br \/>Nom de la Soci\u00e9t\u00e9 : Cem&#8217;In&#8217;Eu<br \/>Adresse : Immeuble Asturia C, 4 rue Edith Piaf , 44800 Saint Herblain <br \/>Statut : SAS au capital de 20 \u20ac<br \/>N\u00b0 Siret : 815 064 977 00011<br \/>Code APE : 7022Z<\/p>\r\n\r\n\r\n\r\n<p>L\u2019hebergeur du site est : OVH 2 rue Kellermann 59100 Roubaix<\/p>\r\n\r\n\r\n<hr class=\"wp-block-separator\" \/>\r\n\r\n\r\n<h3 class=\"wp-block-heading\">Responsable de publication<\/h3>\r\n\r\n\r\n\r\n<p>La Responsable de la publication est : Etienne Touchais<br \/>La responsable de la publication est une personne physique<\/p>\r\n\r\n\r\n<hr class=\"wp-block-separator\" \/>\r\n\r\n\r\n<h3 class=\"wp-block-heading\">Confidentialit\u00e9 des donn\u00e9es<\/h3>\r\n\r\n\r\n\r\n<p>Conform\u00e9ment \u00e0 la loi informatique et libert\u00e9 du 6 janvier 1978 modifi\u00e9e le 6 ao\u00fbt 2004, nous vous informons que la proc\u00e9dure de d\u00e9claration de traitement automatis\u00e9 d&#8217;informations nominatives aupr\u00e8s de la CNIL (Commission Nationale de l\u2019Informatique et des Libert\u00e9s) est en cours pour le site Cemineu.com Cemineu.com s&#8217;engage \u00e0 ne pas c\u00e9der \u00e0 des tiers les informations vous concernant.<\/p>\r\n\r\n\r\n<hr class=\"wp-block-separator\" \/>\r\n\r\n\r\n<h3 class=\"wp-block-heading\">Droits d&#8217;auteur<\/h3>\r\n\r\n\r\n\r\n<p>Tous les \u00e9l\u00e9ments de ce site Internet (logos, textes, graphisme, photos et animations) sont la propri\u00e9t\u00e9 exclusive de Cemineu.com.<\/p>\r\n\r\n\r\n\r\n<p>La protection du site Cemineu.com rel\u00e8ve de la l\u00e9gislation fran\u00e7aise et internationale sur le droit d&#8217;auteur et la propri\u00e9t\u00e9 intellectuelle.<\/p>\r\n\r\n\r\n\r\n<p>Par cons\u00e9quent, toute reproduction et rediffusion, en tout ou partie, sur un support quel qu&#8217;il soit, sont interdites sauf autorisation expresse de Cemineu.com.<\/p>\r\n","protected":false},"excerpt":{"rendered":"<p>Cemineu.com Statut du propri\u00e9taire : Soci\u00e9t\u00e9Pr\u00e9fixe : SASNom de la Soci\u00e9t\u00e9 : Cem&#8217;In&#8217;EuAdresse : Immeuble Asturia C, 4 rue Edith Piaf , 44800 Saint Herblain Statut : SAS au capital de 20 \u20acN\u00b0 Siret : 815 064 977 00011Code APE : 7022Z L\u2019hebergeur du site est : OVH 2 rue Kellermann 59100 Roubaix Responsable de [&hellip;]<\/p>\n","protected":false},"author":6,"featured_media":0,"parent":0,"menu_order":0,"comment_status":"closed","ping_status":"closed","template":"","meta":{"_acf_changed":false,"footnotes":""},"class_list":["post-783","page","type-page","status-publish","hentry"],"acf":[],"_links":{"self":[{"href":"https:\/\/cemineu.com\/en\/wp-json\/wp\/v2\/pages\/783","targetHints":{"allow":["GET"]}}],"collection":[{"href":"https:\/\/cemineu.com\/en\/wp-json\/wp\/v2\/pages"}],"about":[{"href":"https:\/\/cemineu.com\/en\/wp-json\/wp\/v2\/types\/page"}],"author":[{"embeddable":true,"href":"https:\/\/cemineu.com\/en\/wp-json\/wp\/v2\/users\/6"}],"replies":[{"embeddable":true,"href":"https:\/\/cemineu.com\/en\/wp-json\/wp\/v2\/comments?post=783"}],"version-history":[{"count":1,"href":"https:\/\/cemineu.com\/en\/wp-json\/wp\/v2\/pages\/783\/revisions"}],"predecessor-version":[{"id":231167,"href":"https:\/\/cemineu.com\/en\/wp-json\/wp\/v2\/pages\/783\/revisions\/231167"}],"wp:attachment":[{"href":"https:\/\/cemineu.com\/en\/wp-json\/wp\/v2\/media?parent=783"}],"curies":[{"name":"wp","href":"https:\/\/api.w.org\/{rel}","templated":true}]}}